{"id":11,"date":"2015-05-27T23:24:29","date_gmt":"2015-05-27T23:24:29","guid":{"rendered":"http:\/\/www3.marcoweb.pt\/aatif-fortios\/?page_id=11"},"modified":"2021-03-09T17:09:14","modified_gmt":"2021-03-09T17:09:14","slug":"creche","status":"publish","type":"page","link":"https:\/\/www.aatif-fortios.pt\/?page_id=11","title":{"rendered":"Creche"},"content":{"rendered":"<p><a href=\"http:\/\/www3.marcoweb.pt\/aatif-fortios\/wp-content\/uploads\/2015\/05\/creche.jpg\" target=\"_blank\" rel=\"noopener\"><img loading=\"lazy\" decoding=\"async\" class=\"alignleft wp-image-75 size-medium\" src=\"http:\/\/www3.marcoweb.pt\/aatif-fortios\/wp-content\/uploads\/2015\/05\/creche-300x169.jpg\" alt=\"creche\" width=\"300\" height=\"169\" srcset=\"https:\/\/www.aatif-fortios.pt\/wp-content\/uploads\/2015\/05\/creche-300x169.jpg 300w, https:\/\/www.aatif-fortios.pt\/wp-content\/uploads\/2015\/05\/creche-1024x575.jpg 1024w\" sizes=\"auto, (max-width: 300px) 100vw, 300px\" \/><\/a><\/p>\n<p>A Creche presta um conjunto de atividades e servi\u00e7os, adequados \u00e0 satisfa\u00e7\u00e3o das necessidades da crian\u00e7a,<\/p>\n<p>procurando proporcionar \u00e0 crian\u00e7a um ambiente o mais pr\u00f3ximo poss\u00edvel do seu ambiente familiar.<\/p>\n<p>A creche acolhe crian\u00e7as at\u00e9 aos 3 anos de idade.<\/p>\n<p>As instala\u00e7\u00f5es proporcionam \u00e0 crian\u00e7a um ambiente acolhedor, confort\u00e1vel e seguro. S\u00e3o constitu\u00eddas por:<\/p>\n<ul>\n<li>Salas de actividades organizadas por grupos et\u00e1rios.<\/li>\n<li>Sala de acolhimento.<\/li>\n<li>Sala de refei\u00e7\u00f5es.<\/li>\n<li>Instala\u00e7\u00f5es sanit\u00e1rias.<\/li>\n<li>Recreios cobertos e de exterior.<\/li>\n<li>\u00c1rea reservada \u00e0 amamenta\u00e7\u00e3o.<\/li>\n<\/ul>\n<p>As crian\u00e7as da Creche participam nas seguintes atividades de enriquecimento:<\/p>\n<ul>\n<li>Baby Dance<\/li>\n<li>Educa\u00e7\u00e3o F\u00edsica<\/li>\n<\/ul>\n<p>A creche funciona das 07h30 \u00e0s 19h00, de segunda a sexta-feira.<\/p>\n","protected":false},"excerpt":{"rendered":"<p>A Creche presta um conjunto de atividades e servi\u00e7os, adequados \u00e0 satisfa\u00e7\u00e3o das necessidades da crian\u00e7a, procurando proporcionar \u00e0 crian\u00e7a um ambiente o mais pr\u00f3ximo poss\u00edvel do seu ambiente familiar. A creche acolhe crian\u00e7as at\u00e9 aos 3 anos de idade. As instala\u00e7\u00f5es proporcionam \u00e0 crian\u00e7a um ambiente acolhedor, confort\u00e1vel e seguro. S\u00e3o constitu\u00eddas por: Salas de actividades organizadas por grupos [&hellip;]<\/p>\n","protected":false},"author":3,"featured_media":0,"parent":9,"menu_order":0,"comment_status":"closed","ping_status":"closed","template":"","meta":{"ngg_post_thumbnail":0,"footnotes":""},"class_list":["post-11","page","type-page","status-publish","hentry"],"_links":{"self":[{"href":"https:\/\/www.aatif-fortios.pt\/index.php?rest_route=\/wp\/v2\/pages\/11","targetHints":{"allow":["GET"]}}],"collection":[{"href":"https:\/\/www.aatif-fortios.pt\/index.php?rest_route=\/wp\/v2\/pages"}],"about":[{"href":"https:\/\/www.aatif-fortios.pt\/index.php?rest_route=\/wp\/v2\/types\/page"}],"author":[{"embeddable":true,"href":"https:\/\/www.aatif-fortios.pt\/index.php?rest_route=\/wp\/v2\/users\/3"}],"replies":[{"embeddable":true,"href":"https:\/\/www.aatif-fortios.pt\/index.php?rest_route=%2Fwp%2Fv2%2Fcomments&post=11"}],"version-history":[{"count":2,"href":"https:\/\/www.aatif-fortios.pt\/index.php?rest_route=\/wp\/v2\/pages\/11\/revisions"}],"predecessor-version":[{"id":2048,"href":"https:\/\/www.aatif-fortios.pt\/index.php?rest_route=\/wp\/v2\/pages\/11\/revisions\/2048"}],"up":[{"embeddable":true,"href":"https:\/\/www.aatif-fortios.pt\/index.php?rest_route=\/wp\/v2\/pages\/9"}],"wp:attachment":[{"href":"https:\/\/www.aatif-fortios.pt\/index.php?rest_route=%2Fwp%2Fv2%2Fmedia&parent=11"}],"curies":[{"name":"wp","href":"https:\/\/api.w.org\/{rel}","templated":true}]}}