{"id":13,"date":"2015-05-27T23:24:40","date_gmt":"2015-05-27T23:24:40","guid":{"rendered":"http:\/\/www3.marcoweb.pt\/aatif-fortios\/?page_id=13"},"modified":"2021-03-09T17:09:14","modified_gmt":"2021-03-09T17:09:14","slug":"pre-escolar","status":"publish","type":"page","link":"https:\/\/www.aatif-fortios.pt\/?page_id=13","title":{"rendered":"Pr\u00e9-Escolar"},"content":{"rendered":"<p><a href=\"http:\/\/www3.marcoweb.pt\/aatif-fortios\/wp-content\/uploads\/2015\/05\/pre-escolar.jpg\" target=\"_blank\" rel=\"noopener\"><img loading=\"lazy\" decoding=\"async\" class=\" wp-image-76 size-medium alignleft\" src=\"http:\/\/www3.marcoweb.pt\/aatif-fortios\/wp-content\/uploads\/2015\/05\/pre-escolar-300x169.jpg\" alt=\"pre escolar\" width=\"300\" height=\"169\" srcset=\"https:\/\/www.aatif-fortios.pt\/wp-content\/uploads\/2015\/05\/pre-escolar-300x169.jpg 300w, https:\/\/www.aatif-fortios.pt\/wp-content\/uploads\/2015\/05\/pre-escolar-1024x575.jpg 1024w\" sizes=\"auto, (max-width: 300px) 100vw, 300px\" \/><\/a><\/p>\n<p>O Pr\u00e9-Escolar presta servi\u00e7os vocacionados para o desenvolvimento e\u00a0 aprendizagem da crian\u00e7a,<\/p>\n<p>proporcionando actividades educativas e\u00a0 actividades de apoio \u00e0 fam\u00edlia.<\/p>\n<p>O Pr\u00e9-Escolar acolhe crian\u00e7as dos 3 aos 6 anos de idade.<\/p>\n<p>As crian\u00e7as do pr\u00e9-escolar participam nas seguintes atividades de enriquecimento:<\/p>\n<ul>\n<li>Kids Dance<\/li>\n<li>Educa\u00e7\u00e3o F\u00edsica<\/li>\n<\/ul>\n<p>O Pr\u00e9-Escolar funciona das 07h30 \u00e0s 19h00, de segunda a sexta-feira.<\/p>\n","protected":false},"excerpt":{"rendered":"<p>O Pr\u00e9-Escolar presta servi\u00e7os vocacionados para o desenvolvimento e\u00a0 aprendizagem da crian\u00e7a, proporcionando actividades educativas e\u00a0 actividades de apoio \u00e0 fam\u00edlia. O Pr\u00e9-Escolar acolhe crian\u00e7as dos 3 aos 6 anos de idade. As crian\u00e7as do pr\u00e9-escolar participam nas seguintes atividades de enriquecimento: Kids Dance Educa\u00e7\u00e3o F\u00edsica O Pr\u00e9-Escolar funciona das 07h30 \u00e0s 19h00, de segunda a sexta-feira.<\/p>\n","protected":false},"author":3,"featured_media":0,"parent":9,"menu_order":0,"comment_status":"closed","ping_status":"closed","template":"","meta":{"ngg_post_thumbnail":0,"footnotes":""},"class_list":["post-13","page","type-page","status-publish","hentry"],"_links":{"self":[{"href":"https:\/\/www.aatif-fortios.pt\/index.php?rest_route=\/wp\/v2\/pages\/13","targetHints":{"allow":["GET"]}}],"collection":[{"href":"https:\/\/www.aatif-fortios.pt\/index.php?rest_route=\/wp\/v2\/pages"}],"about":[{"href":"https:\/\/www.aatif-fortios.pt\/index.php?rest_route=\/wp\/v2\/types\/page"}],"author":[{"embeddable":true,"href":"https:\/\/www.aatif-fortios.pt\/index.php?rest_route=\/wp\/v2\/users\/3"}],"replies":[{"embeddable":true,"href":"https:\/\/www.aatif-fortios.pt\/index.php?rest_route=%2Fwp%2Fv2%2Fcomments&post=13"}],"version-history":[{"count":2,"href":"https:\/\/www.aatif-fortios.pt\/index.php?rest_route=\/wp\/v2\/pages\/13\/revisions"}],"predecessor-version":[{"id":2049,"href":"https:\/\/www.aatif-fortios.pt\/index.php?rest_route=\/wp\/v2\/pages\/13\/revisions\/2049"}],"up":[{"embeddable":true,"href":"https:\/\/www.aatif-fortios.pt\/index.php?rest_route=\/wp\/v2\/pages\/9"}],"wp:attachment":[{"href":"https:\/\/www.aatif-fortios.pt\/index.php?rest_route=%2Fwp%2Fv2%2Fmedia&parent=13"}],"curies":[{"name":"wp","href":"https:\/\/api.w.org\/{rel}","templated":true}]}}