{"id":17,"date":"2015-05-27T23:27:26","date_gmt":"2015-05-27T23:27:26","guid":{"rendered":"http:\/\/www3.marcoweb.pt\/aatif-fortios\/?page_id=17"},"modified":"2021-03-09T17:09:14","modified_gmt":"2021-03-09T17:09:14","slug":"centro-de-dia","status":"publish","type":"page","link":"https:\/\/www.aatif-fortios.pt\/?page_id=17","title":{"rendered":"Centro de Dia"},"content":{"rendered":"<p><a href=\"https:\/\/www.larvaledopeso.pt\/wp-content\/uploads\/2015\/05\/946005_426932094089946_970195347_n.jpg\"><img loading=\"lazy\" decoding=\"async\" class=\" size-medium wp-image-45 alignleft\" src=\"https:\/\/www.larvaledopeso.pt\/wp-content\/uploads\/2015\/05\/946005_426932094089946_970195347_n-300x225.jpg\" alt=\"946005_426932094089946_970195347_n\" width=\"300\" height=\"225\" srcset=\"https:\/\/www.aatif-fortios.pt\/wp-content\/uploads\/2015\/05\/946005_426932094089946_970195347_n-300x225.jpg 300w, https:\/\/www.aatif-fortios.pt\/wp-content\/uploads\/2015\/05\/946005_426932094089946_970195347_n.jpg 960w\" sizes=\"auto, (max-width: 300px) 100vw, 300px\" \/><\/a>O Centro de Dia assegura os seguintes servi\u00e7os:<\/p>\n<ul>\n<li>Refei\u00e7\u00f5es;<\/li>\n<li>Conv\u00edvio\/Ocupa\u00e7\u00e3o;<\/li>\n<li>Cuidados de higiene;<\/li>\n<li>Tratamento da Roupa;<\/li>\n<li>Acompanhamento ao exterior;<\/li>\n<li>Conv\u00edvio, passeios e visitas guiadas;<\/li>\n<li>Cuidados de sa\u00fade a n\u00edvel de m\u00e9dico e enfermagem;<\/li>\n<li>Fisioterapia;<\/li>\n<li>Psicologia.<\/li>\n<\/ul>\n","protected":false},"excerpt":{"rendered":"<p>O Centro de Dia assegura os seguintes servi\u00e7os: Refei\u00e7\u00f5es; Conv\u00edvio\/Ocupa\u00e7\u00e3o; Cuidados de higiene; Tratamento da Roupa; Acompanhamento ao exterior; Conv\u00edvio, passeios e visitas guiadas; Cuidados de sa\u00fade a n\u00edvel de m\u00e9dico e enfermagem; Fisioterapia; Psicologia.<\/p>\n","protected":false},"author":3,"featured_media":0,"parent":9,"menu_order":0,"comment_status":"closed","ping_status":"closed","template":"","meta":{"ngg_post_thumbnail":0,"footnotes":""},"class_list":["post-17","page","type-page","status-publish","hentry"],"_links":{"self":[{"href":"https:\/\/www.aatif-fortios.pt\/index.php?rest_route=\/wp\/v2\/pages\/17","targetHints":{"allow":["GET"]}}],"collection":[{"href":"https:\/\/www.aatif-fortios.pt\/index.php?rest_route=\/wp\/v2\/pages"}],"about":[{"href":"https:\/\/www.aatif-fortios.pt\/index.php?rest_route=\/wp\/v2\/types\/page"}],"author":[{"embeddable":true,"href":"https:\/\/www.aatif-fortios.pt\/index.php?rest_route=\/wp\/v2\/users\/3"}],"replies":[{"embeddable":true,"href":"https:\/\/www.aatif-fortios.pt\/index.php?rest_route=%2Fwp%2Fv2%2Fcomments&post=17"}],"version-history":[{"count":4,"href":"https:\/\/www.aatif-fortios.pt\/index.php?rest_route=\/wp\/v2\/pages\/17\/revisions"}],"predecessor-version":[{"id":1553,"href":"https:\/\/www.aatif-fortios.pt\/index.php?rest_route=\/wp\/v2\/pages\/17\/revisions\/1553"}],"up":[{"embeddable":true,"href":"https:\/\/www.aatif-fortios.pt\/index.php?rest_route=\/wp\/v2\/pages\/9"}],"wp:attachment":[{"href":"https:\/\/www.aatif-fortios.pt\/index.php?rest_route=%2Fwp%2Fv2%2Fmedia&parent=17"}],"curies":[{"name":"wp","href":"https:\/\/api.w.org\/{rel}","templated":true}]}}