{"id":25,"date":"2015-05-27T23:28:26","date_gmt":"2015-05-27T23:28:26","guid":{"rendered":"http:\/\/www3.marcoweb.pt\/aatif-fortios\/?page_id=25"},"modified":"2025-08-07T21:32:49","modified_gmt":"2025-08-07T21:32:49","slug":"noticias-e-publicacoes","status":"publish","type":"page","link":"https:\/\/www.aatif-fortios.pt\/?page_id=25","title":{"rendered":"Relat\u00f3rio e Contas"},"content":{"rendered":"\n<div class=\"wp-block-file\"><a id=\"wp-block-file--media-5a6d7593-8f11-4b90-89da-ca70d3bf7eb2\" href=\"https:\/\/www.aatif-fortios.pt\/wp-content\/uploads\/2025\/08\/Relatorio_Contas_2024.pdf\" target=\"_blank\" rel=\"noreferrer noopener\">Demonstra\u00e7\u00e3o de Resultados e Balan\u00e7o &#8211; 2024<\/a><a href=\"https:\/\/www.aatif-fortios.pt\/wp-content\/uploads\/2025\/08\/Relatorio_Contas_2024.pdf\" class=\"wp-block-file__button wp-element-button\" download aria-describedby=\"wp-block-file--media-5a6d7593-8f11-4b90-89da-ca70d3bf7eb2\">Descarregar<\/a><\/div>\n\n\n\n<div class=\"wp-block-file\"><a id=\"wp-block-file--media-91f0a232-c0f1-43db-a6cd-2a08c9f24070\" href=\"https:\/\/www.aatif-fortios.pt\/wp-content\/uploads\/2024\/05\/2023.pdf\" target=\"_blank\" rel=\"noreferrer noopener\">Demonstra\u00e7\u00e3o de Resultados e Balan\u00e7o &#8211; 2023<\/a><a href=\"https:\/\/www.aatif-fortios.pt\/wp-content\/uploads\/2024\/05\/2023.pdf\" class=\"wp-block-file__button wp-element-button\" download aria-describedby=\"wp-block-file--media-91f0a232-c0f1-43db-a6cd-2a08c9f24070\">Descarregar<\/a><\/div>\n\n\n\n<div class=\"wp-block-file\"><a id=\"wp-block-file--media-7b1e6730-1239-40b2-82eb-534be5d6cf0c\" href=\"https:\/\/www.aatif-fortios.pt\/wp-content\/uploads\/2023\/04\/2022.pdf\" target=\"_blank\" rel=\"noreferrer noopener\">Demonstra\u00e7\u00e3o de Resultados e Balan\u00e7o &#8211; 2022<\/a><a href=\"https:\/\/www.aatif-fortios.pt\/wp-content\/uploads\/2023\/04\/2022.pdf\" class=\"wp-block-file__button wp-element-button\" download aria-describedby=\"wp-block-file--media-7b1e6730-1239-40b2-82eb-534be5d6cf0c\">Descarregar<\/a><\/div>\n\n\n\n<div class=\"wp-block-file\"><a id=\"wp-block-file--media-3bf61183-0d44-49a4-80f9-4a6267d0ce71\" href=\"https:\/\/www.aatif-fortios.pt\/wp-content\/uploads\/2023\/04\/2021.pdf\" target=\"_blank\" rel=\"noreferrer noopener\">Demonstra\u00e7\u00e3o de Resultados e Balan\u00e7o &#8211; 2021<\/a><a href=\"https:\/\/www.aatif-fortios.pt\/wp-content\/uploads\/2023\/04\/2021.pdf\" class=\"wp-block-file__button wp-element-button\" download aria-describedby=\"wp-block-file--media-3bf61183-0d44-49a4-80f9-4a6267d0ce71\">Descarregar<\/a><\/div>\n\n\n\n<div class=\"wp-block-file\"><a id=\"wp-block-file--media-87dee5fa-55a1-489e-82ec-1e3533884235\" href=\"https:\/\/www.aatif-fortios.pt\/wp-content\/uploads\/2021\/09\/doc01687920210916152237.pdf\" target=\"_blank\" rel=\"noreferrer noopener\">Demonstra\u00e7\u00e3o de Resultados e Balan\u00e7o &#8211; 2020<\/a><a href=\"https:\/\/www.aatif-fortios.pt\/wp-content\/uploads\/2021\/09\/doc01687920210916152237.pdf\" class=\"wp-block-file__button wp-element-button\" download aria-describedby=\"wp-block-file--media-87dee5fa-55a1-489e-82ec-1e3533884235\">Descarregar<\/a><\/div>\n\n\n\n<div class=\"wp-block-file\"><a id=\"wp-block-file--media-74fab256-2e63-46f3-9adb-0cf304c6b937\" href=\"https:\/\/www.aatif-fortios.pt\/wp-content\/uploads\/2021\/03\/doc01531020210317153033.pdf\" target=\"_blank\" rel=\"noreferrer noopener\">Demonstra\u00e7\u00e3o de Resultados e Balan\u00e7o &#8211; 2019 <\/a><a href=\"https:\/\/www.aatif-fortios.pt\/wp-content\/uploads\/2021\/03\/doc01531020210317153033.pdf\" class=\"wp-block-file__button wp-element-button\" download aria-describedby=\"wp-block-file--media-74fab256-2e63-46f3-9adb-0cf304c6b937\">Descarregar<\/a><\/div>\n\n\n\n<div class=\"wp-block-file\"><a id=\"wp-block-file--media-27c971dd-217c-4543-b51b-e0f242def2af\" href=\"https:\/\/www.aatif-fortios.pt\/wp-content\/uploads\/2019\/04\/doc00777720190412101447.pdf\" target=\"_blank\" rel=\"noreferrer noopener\">Demonstra\u00e7\u00e3o de Resultados e Balan\u00e7o &#8211; 2018<\/a><a href=\"https:\/\/www.aatif-fortios.pt\/wp-content\/uploads\/2019\/04\/doc00777720190412101447.pdf\" class=\"wp-block-file__button wp-element-button\" download aria-describedby=\"wp-block-file--media-27c971dd-217c-4543-b51b-e0f242def2af\">Descarregar<\/a><\/div>\n\n\n\n<div class=\"wp-block-file\"><a id=\"wp-block-file--media-b60c6cd9-8bf2-4bc6-a3ea-0cfaf59cbe3a\" href=\"https:\/\/www.aatif-fortios.pt\/wp-content\/uploads\/2021\/03\/doc01531220210317160441.pdf\" target=\"_blank\" rel=\"noreferrer noopener\">Demonstra\u00e7\u00e3o de Resultados e Balan\u00e7o &#8211; 2017<\/a><a href=\"https:\/\/www.aatif-fortios.pt\/wp-content\/uploads\/2021\/03\/doc01531220210317160441.pdf\" class=\"wp-block-file__button wp-element-button\" download aria-describedby=\"wp-block-file--media-b60c6cd9-8bf2-4bc6-a3ea-0cfaf59cbe3a\">Descarregar<\/a><\/div>\n\n\n\n<div class=\"wp-block-file\"><a id=\"wp-block-file--media-8eb3283d-1911-4e94-aad5-8e78e12dd7e9\" href=\"https:\/\/www.aatif-fortios.pt\/wp-content\/uploads\/2015\/05\/Demostra\u00e7\u00e3o-de-Resultados-e-Balan\u00e7o-2016.pdf\" target=\"_blank\" rel=\"noreferrer noopener\">Demonstra\u00e7\u00e3o de Resultados e Balan\u00e7o &#8211; 2016<\/a><a href=\"https:\/\/www.aatif-fortios.pt\/wp-content\/uploads\/2015\/05\/Demostra\u00e7\u00e3o-de-Resultados-e-Balan\u00e7o-2016.pdf\" class=\"wp-block-file__button wp-element-button\" download aria-describedby=\"wp-block-file--media-8eb3283d-1911-4e94-aad5-8e78e12dd7e9\">Descarregar<\/a><\/div>\n\n\n\n<div class=\"wp-block-file\"><a id=\"wp-block-file--media-443b92d3-8e9c-4bcb-927e-8c22a2cd0359\" href=\"https:\/\/www.aatif-fortios.pt\/wp-content\/uploads\/2015\/05\/Demonstra\u00e7\u00e3o-de-Resultados-e-Balan\u00e7o-2015.pdf\" target=\"_blank\" rel=\"noreferrer noopener\">Demonstra\u00e7\u00e3o de Resultados e Balan\u00e7o &#8211; 2015<\/a><a href=\"https:\/\/www.aatif-fortios.pt\/wp-content\/uploads\/2015\/05\/Demonstra\u00e7\u00e3o-de-Resultados-e-Balan\u00e7o-2015.pdf\" class=\"wp-block-file__button wp-element-button\" download aria-describedby=\"wp-block-file--media-443b92d3-8e9c-4bcb-927e-8c22a2cd0359\">Descarregar<\/a><\/div>\n\n\n\n<div class=\"wp-block-file\"><a id=\"wp-block-file--media-51329e69-2074-4917-a860-d46fc2c8e423\" href=\"https:\/\/www.aatif-fortios.pt\/wp-content\/uploads\/2015\/05\/Demonstra\u00e7\u00e3o-de-Resultados-e-Balan\u00e7o-2014.pdf\" target=\"_blank\" rel=\"noreferrer noopener\">Demonstra\u00e7\u00e3o de Resultados e Balan\u00e7o &#8211; 2014<\/a><a href=\"https:\/\/www.aatif-fortios.pt\/wp-content\/uploads\/2015\/05\/Demonstra\u00e7\u00e3o-de-Resultados-e-Balan\u00e7o-2014.pdf\" class=\"wp-block-file__button wp-element-button\" download aria-describedby=\"wp-block-file--media-51329e69-2074-4917-a860-d46fc2c8e423\">Descarregar<\/a><\/div>\n\n\n\n<p><\/p>\n","protected":false},"excerpt":{"rendered":"","protected":false},"author":3,"featured_media":0,"parent":537,"menu_order":0,"comment_status":"closed","ping_status":"closed","template":"","meta":{"ngg_post_thumbnail":0,"footnotes":""},"class_list":["post-25","page","type-page","status-publish","hentry"],"_links":{"self":[{"href":"https:\/\/www.aatif-fortios.pt\/index.php?rest_route=\/wp\/v2\/pages\/25","targetHints":{"allow":["GET"]}}],"collection":[{"href":"https:\/\/www.aatif-fortios.pt\/index.php?rest_route=\/wp\/v2\/pages"}],"about":[{"href":"https:\/\/www.aatif-fortios.pt\/index.php?rest_route=\/wp\/v2\/types\/page"}],"author":[{"embeddable":true,"href":"https:\/\/www.aatif-fortios.pt\/index.php?rest_route=\/wp\/v2\/users\/3"}],"replies":[{"embeddable":true,"href":"https:\/\/www.aatif-fortios.pt\/index.php?rest_route=%2Fwp%2Fv2%2Fcomments&post=25"}],"version-history":[{"count":50,"href":"https:\/\/www.aatif-fortios.pt\/index.php?rest_route=\/wp\/v2\/pages\/25\/revisions"}],"predecessor-version":[{"id":2338,"href":"https:\/\/www.aatif-fortios.pt\/index.php?rest_route=\/wp\/v2\/pages\/25\/revisions\/2338"}],"up":[{"embeddable":true,"href":"https:\/\/www.aatif-fortios.pt\/index.php?rest_route=\/wp\/v2\/pages\/537"}],"wp:attachment":[{"href":"https:\/\/www.aatif-fortios.pt\/index.php?rest_route=%2Fwp%2Fv2%2Fmedia&parent=25"}],"curies":[{"name":"wp","href":"https:\/\/api.w.org\/{rel}","templated":true}]}}