{"id":5,"date":"2015-05-27T23:23:55","date_gmt":"2015-05-27T23:23:55","guid":{"rendered":"http:\/\/www3.marcoweb.pt\/aatif-fortios\/?page_id=5"},"modified":"2021-03-09T17:09:13","modified_gmt":"2021-03-09T17:09:13","slug":"historial","status":"publish","type":"page","link":"https:\/\/www.aatif-fortios.pt\/?page_id=5","title":{"rendered":"Historial"},"content":{"rendered":"<p>A <strong>AATIF, Associa\u00e7\u00e3o dos Amigos da Terceira Idade de Fortios<\/strong>, \u00e9 uma Institui\u00e7\u00e3o Particular de Solidariedade Social (IPSS), sem fins lucrativos, sediada em Fortios, no concelho de Portalegre.<\/p>\n<p>Iniciou a sua atividade em 1994 e, desde ent\u00e3o, tem tentado responder \u00e0s necessidades da Comunidade, atrav\u00e9s da dinamiza\u00e7\u00e3o de diversas respostas, nomeadamente:<\/p>\n<ul>\n<li>Creche<\/li>\n<li>Pr\u00e9-escolar<\/li>\n<li>Centro de Dia<\/li>\n<li>Servi\u00e7o de Apoio Domicili\u00e1rio<\/li>\n<li>Estrutura Residencial para Pessoas Idosas<\/li>\n<li>Cantinas Sociais<\/li>\n<\/ul>\n<h3><\/h3>\n","protected":false},"excerpt":{"rendered":"<p>A AATIF, Associa\u00e7\u00e3o dos Amigos da Terceira Idade de Fortios, \u00e9 uma Institui\u00e7\u00e3o Particular de Solidariedade Social (IPSS), sem fins lucrativos, sediada em Fortios, no concelho de Portalegre. Iniciou a sua atividade em 1994 e, desde ent\u00e3o, tem tentado responder \u00e0s necessidades da Comunidade, atrav\u00e9s da dinamiza\u00e7\u00e3o de diversas respostas, nomeadamente: Creche Pr\u00e9-escolar Centro de Dia Servi\u00e7o de Apoio Domicili\u00e1rio [&hellip;]<\/p>\n","protected":false},"author":3,"featured_media":0,"parent":537,"menu_order":0,"comment_status":"closed","ping_status":"closed","template":"","meta":{"ngg_post_thumbnail":0,"footnotes":""},"class_list":["post-5","page","type-page","status-publish","hentry"],"_links":{"self":[{"href":"https:\/\/www.aatif-fortios.pt\/index.php?rest_route=\/wp\/v2\/pages\/5","targetHints":{"allow":["GET"]}}],"collection":[{"href":"https:\/\/www.aatif-fortios.pt\/index.php?rest_route=\/wp\/v2\/pages"}],"about":[{"href":"https:\/\/www.aatif-fortios.pt\/index.php?rest_route=\/wp\/v2\/types\/page"}],"author":[{"embeddable":true,"href":"https:\/\/www.aatif-fortios.pt\/index.php?rest_route=\/wp\/v2\/users\/3"}],"replies":[{"embeddable":true,"href":"https:\/\/www.aatif-fortios.pt\/index.php?rest_route=%2Fwp%2Fv2%2Fcomments&post=5"}],"version-history":[{"count":3,"href":"https:\/\/www.aatif-fortios.pt\/index.php?rest_route=\/wp\/v2\/pages\/5\/revisions"}],"predecessor-version":[{"id":605,"href":"https:\/\/www.aatif-fortios.pt\/index.php?rest_route=\/wp\/v2\/pages\/5\/revisions\/605"}],"up":[{"embeddable":true,"href":"https:\/\/www.aatif-fortios.pt\/index.php?rest_route=\/wp\/v2\/pages\/537"}],"wp:attachment":[{"href":"https:\/\/www.aatif-fortios.pt\/index.php?rest_route=%2Fwp%2Fv2%2Fmedia&parent=5"}],"curies":[{"name":"wp","href":"https:\/\/api.w.org\/{rel}","templated":true}]}}