{"id":539,"date":"2015-11-23T18:52:56","date_gmt":"2015-11-23T18:52:56","guid":{"rendered":"https:\/\/www.larvaledopeso.pt\/?page_id=539"},"modified":"2025-02-18T23:21:36","modified_gmt":"2025-02-18T23:21:36","slug":"orgaos-sociais","status":"publish","type":"page","link":"https:\/\/www.aatif-fortios.pt\/?page_id=539","title":{"rendered":"\u00d3rg\u00e3os Sociais"},"content":{"rendered":"\n<h3 class=\"wp-block-heading\"><span style=\"color: #ffcc00;\"><strong>Assembleia Geral<\/strong><\/span><\/h3>\n\n\n\n<p><strong>Presidente <\/strong>\u2013 Joaquina Maria Mirrado Caixeiro Ribeiro<br><strong>1.\u00ba Secret\u00e1rio<\/strong> \u2013 M\u00e1rio Manuel Caixeiro Mariquito<br><strong>1.\u00ba Secret\u00e1rio<\/strong> \u2013 L\u00eddia Maria Guerra Batista<\/p>\n\n\n\n<h3 class=\"wp-block-heading\"><span style=\"color: #ffcc00;\"><strong>Dire\u00e7\u00e3o<\/strong><\/span><\/h3>\n\n\n\n<p><strong>Presidente<\/strong> \u2013 Jos\u00e9 Francisco Ribeiro Roque<br><strong>Vice-Presidente<\/strong> \u2013 Arm\u00e9nio Barriguinha Ribeiro<br><strong>Secret\u00e1ria <\/strong>\u2013 Sara Maria Chagas Santinho<br><strong>Tesoureira <\/strong>\u2013 Jos\u00e9 Joaquim Real Gil<br><strong>Vogal <\/strong>\u2013 Jo\u00e3o Carlos Mirrado Roque<\/p>\n\n\n\n<p><strong>Suplentes<\/strong><br>Jo\u00e3o Augusto Ferreira Costa<br>Manuel Maria Correia Santinho<br>Manuel do Ros\u00e1rio Cust\u00f3dio Barbacena<br>Silvina de F\u00e1tima Pires Azeitona Narciso<br>Maria da Concei\u00e7\u00e3o Bicho Alpalh\u00e3o Gil<\/p>\n\n\n\n<h3 class=\"wp-block-heading\"><span style=\"color: #ffcc00;\"><strong>Conselho Fiscal<\/strong><\/span><\/h3>\n\n\n\n<p><strong>Presidente <\/strong>\u2013 Jo\u00e3o Carlos Nabais Pinto<br><strong>Vogal <\/strong>\u2013 Manuel Joaquim Merc\u00eas Carrilho<br><strong>Vogal <\/strong>\u2013 Jo\u00e3o Francisco Pinheiro Carrilho<\/p>\n\n\n\n<p><strong>Suplentes<\/strong><br>Joaquim Gon\u00e7alves Fernandes<br>Maria Rosalina da Silva Cacheiro Barbas<br>Joaquim Maria Correia Caixeiro<\/p>\n","protected":false},"excerpt":{"rendered":"<p>Assembleia Geral Presidente \u2013 Joaquina Maria Mirrado Caixeiro Ribeiro1.\u00ba Secret\u00e1rio \u2013 M\u00e1rio Manuel Caixeiro Mariquito1.\u00ba Secret\u00e1rio \u2013 L\u00eddia Maria Guerra Batista Dire\u00e7\u00e3o Presidente \u2013 Jos\u00e9 Francisco Ribeiro RoqueVice-Presidente \u2013 Arm\u00e9nio Barriguinha RibeiroSecret\u00e1ria \u2013 Sara Maria Chagas SantinhoTesoureira \u2013 Jos\u00e9 Joaquim Real GilVogal \u2013 Jo\u00e3o Carlos Mirrado Roque SuplentesJo\u00e3o Augusto Ferreira CostaManuel Maria Correia SantinhoManuel do Ros\u00e1rio Cust\u00f3dio BarbacenaSilvina de F\u00e1tima [&hellip;]<\/p>\n","protected":false},"author":3,"featured_media":0,"parent":537,"menu_order":0,"comment_status":"closed","ping_status":"closed","template":"","meta":{"ngg_post_thumbnail":0,"footnotes":""},"class_list":["post-539","page","type-page","status-publish","hentry"],"_links":{"self":[{"href":"https:\/\/www.aatif-fortios.pt\/index.php?rest_route=\/wp\/v2\/pages\/539","targetHints":{"allow":["GET"]}}],"collection":[{"href":"https:\/\/www.aatif-fortios.pt\/index.php?rest_route=\/wp\/v2\/pages"}],"about":[{"href":"https:\/\/www.aatif-fortios.pt\/index.php?rest_route=\/wp\/v2\/types\/page"}],"author":[{"embeddable":true,"href":"https:\/\/www.aatif-fortios.pt\/index.php?rest_route=\/wp\/v2\/users\/3"}],"replies":[{"embeddable":true,"href":"https:\/\/www.aatif-fortios.pt\/index.php?rest_route=%2Fwp%2Fv2%2Fcomments&post=539"}],"version-history":[{"count":9,"href":"https:\/\/www.aatif-fortios.pt\/index.php?rest_route=\/wp\/v2\/pages\/539\/revisions"}],"predecessor-version":[{"id":2291,"href":"https:\/\/www.aatif-fortios.pt\/index.php?rest_route=\/wp\/v2\/pages\/539\/revisions\/2291"}],"up":[{"embeddable":true,"href":"https:\/\/www.aatif-fortios.pt\/index.php?rest_route=\/wp\/v2\/pages\/537"}],"wp:attachment":[{"href":"https:\/\/www.aatif-fortios.pt\/index.php?rest_route=%2Fwp%2Fv2%2Fmedia&parent=539"}],"curies":[{"name":"wp","href":"https:\/\/api.w.org\/{rel}","templated":true}]}}