{"id":681,"date":"2016-04-18T14:22:40","date_gmt":"2016-04-18T14:22:40","guid":{"rendered":"https:\/\/www.larvaledopeso.pt\/?page_id=681"},"modified":"2016-05-16T16:46:24","modified_gmt":"2016-05-16T16:46:24","slug":"respostas-sociais","status":"publish","type":"page","link":"https:\/\/www.aatif-fortios.pt\/?page_id=681","title":{"rendered":"Cantinas Sociais"},"content":{"rendered":"<p>Esta resposta social surgiu no \u00e2mbito do Programa de Emerg\u00eancia Social \u2013 PES, visando minorar o impacto\u00a0da atual crise econ\u00f3mico-financeira global nas pessoas e fam\u00edlias mais carenciadas. Este programa permite a\u00a0distribui\u00e7\u00e3o at\u00e9 24 refei\u00e7\u00f5es di\u00e1rias e pretende garantir \u00e0s pessoas e\/ou fam\u00edlias, o acesso \u00e0s refei\u00e7\u00f5es para\u00a0consumo no domic\u00edlio, em regime take-away.<\/p>\n","protected":false},"excerpt":{"rendered":"<p>Esta resposta social surgiu no \u00e2mbito do Programa de Emerg\u00eancia Social \u2013 PES, visando minorar o impacto\u00a0da atual crise econ\u00f3mico-financeira global nas pessoas e fam\u00edlias mais carenciadas. Este programa permite a\u00a0distribui\u00e7\u00e3o at\u00e9 24 refei\u00e7\u00f5es di\u00e1rias e pretende garantir \u00e0s pessoas e\/ou fam\u00edlias, o acesso \u00e0s refei\u00e7\u00f5es para\u00a0consumo no domic\u00edlio, em regime take-away.<\/p>\n","protected":false},"author":3,"featured_media":0,"parent":9,"menu_order":4,"comment_status":"closed","ping_status":"closed","template":"","meta":{"ngg_post_thumbnail":0,"footnotes":""},"class_list":["post-681","page","type-page","status-publish","hentry"],"_links":{"self":[{"href":"https:\/\/www.aatif-fortios.pt\/index.php?rest_route=\/wp\/v2\/pages\/681","targetHints":{"allow":["GET"]}}],"collection":[{"href":"https:\/\/www.aatif-fortios.pt\/index.php?rest_route=\/wp\/v2\/pages"}],"about":[{"href":"https:\/\/www.aatif-fortios.pt\/index.php?rest_route=\/wp\/v2\/types\/page"}],"author":[{"embeddable":true,"href":"https:\/\/www.aatif-fortios.pt\/index.php?rest_route=\/wp\/v2\/users\/3"}],"replies":[{"embeddable":true,"href":"https:\/\/www.aatif-fortios.pt\/index.php?rest_route=%2Fwp%2Fv2%2Fcomments&post=681"}],"version-history":[{"count":1,"href":"https:\/\/www.aatif-fortios.pt\/index.php?rest_route=\/wp\/v2\/pages\/681\/revisions"}],"predecessor-version":[{"id":682,"href":"https:\/\/www.aatif-fortios.pt\/index.php?rest_route=\/wp\/v2\/pages\/681\/revisions\/682"}],"up":[{"embeddable":true,"href":"https:\/\/www.aatif-fortios.pt\/index.php?rest_route=\/wp\/v2\/pages\/9"}],"wp:attachment":[{"href":"https:\/\/www.aatif-fortios.pt\/index.php?rest_route=%2Fwp%2Fv2%2Fmedia&parent=681"}],"curies":[{"name":"wp","href":"https:\/\/api.w.org\/{rel}","templated":true}]}}