{"id":7,"date":"2015-05-27T23:24:05","date_gmt":"2015-05-27T23:24:05","guid":{"rendered":"http:\/\/www3.marcoweb.pt\/aatif-fortios\/?page_id=7"},"modified":"2021-03-09T17:09:14","modified_gmt":"2021-03-09T17:09:14","slug":"missao-visao-e-valores","status":"publish","type":"page","link":"https:\/\/www.aatif-fortios.pt\/?page_id=7","title":{"rendered":"Miss\u00e3o, Vis\u00e3o e Valores"},"content":{"rendered":"<h3>Miss\u00e3o<\/h3>\n<p>Contribuir para a promo\u00e7\u00e3o integral humana e social dos idosos do concelho de Portalegre, prestando um conjunto de servi\u00e7os pautados pela qualidade, personaliza\u00e7\u00e3o e inova\u00e7\u00e3o.<\/p>\n<h3>Vis\u00e3o<\/h3>\n<p>Ser uma estrutura de refer\u00eancia, a n\u00edvel concelhio, na presta\u00e7\u00e3o de cuidados \u00e0 popula\u00e7\u00e3o idosa.<\/p>\n<h3>Valores<\/h3>\n<p><a href=\"http:\/\/www3.marcoweb.pt\/aatif-fortios\/wp-content\/uploads\/2015\/05\/valores.png\"><img loading=\"lazy\" decoding=\"async\" class=\"aligncenter wp-image-49 size-full\" src=\"https:\/\/www.larvaledopeso.pt\/wp-content\/uploads\/2015\/05\/valores.png\" alt=\"valores\" width=\"511\" height=\"468\" srcset=\"https:\/\/www.aatif-fortios.pt\/wp-content\/uploads\/2015\/05\/valores.png 511w, https:\/\/www.aatif-fortios.pt\/wp-content\/uploads\/2015\/05\/valores-300x275.png 300w\" sizes=\"auto, (max-width: 511px) 100vw, 511px\" \/><\/a><\/p>\n<p>&nbsp;<\/p>\n","protected":false},"excerpt":{"rendered":"<p>Miss\u00e3o Contribuir para a promo\u00e7\u00e3o integral humana e social dos idosos do concelho de Portalegre, prestando um conjunto de servi\u00e7os pautados pela qualidade, personaliza\u00e7\u00e3o e inova\u00e7\u00e3o. Vis\u00e3o Ser uma estrutura de refer\u00eancia, a n\u00edvel concelhio, na presta\u00e7\u00e3o de cuidados \u00e0 popula\u00e7\u00e3o idosa. Valores &nbsp;<\/p>\n","protected":false},"author":3,"featured_media":0,"parent":537,"menu_order":0,"comment_status":"closed","ping_status":"closed","template":"","meta":{"ngg_post_thumbnail":0,"footnotes":""},"class_list":["post-7","page","type-page","status-publish","hentry"],"_links":{"self":[{"href":"https:\/\/www.aatif-fortios.pt\/index.php?rest_route=\/wp\/v2\/pages\/7","targetHints":{"allow":["GET"]}}],"collection":[{"href":"https:\/\/www.aatif-fortios.pt\/index.php?rest_route=\/wp\/v2\/pages"}],"about":[{"href":"https:\/\/www.aatif-fortios.pt\/index.php?rest_route=\/wp\/v2\/types\/page"}],"author":[{"embeddable":true,"href":"https:\/\/www.aatif-fortios.pt\/index.php?rest_route=\/wp\/v2\/users\/3"}],"replies":[{"embeddable":true,"href":"https:\/\/www.aatif-fortios.pt\/index.php?rest_route=%2Fwp%2Fv2%2Fcomments&post=7"}],"version-history":[{"count":1,"href":"https:\/\/www.aatif-fortios.pt\/index.php?rest_route=\/wp\/v2\/pages\/7\/revisions"}],"predecessor-version":[{"id":481,"href":"https:\/\/www.aatif-fortios.pt\/index.php?rest_route=\/wp\/v2\/pages\/7\/revisions\/481"}],"up":[{"embeddable":true,"href":"https:\/\/www.aatif-fortios.pt\/index.php?rest_route=\/wp\/v2\/pages\/537"}],"wp:attachment":[{"href":"https:\/\/www.aatif-fortios.pt\/index.php?rest_route=%2Fwp%2Fv2%2Fmedia&parent=7"}],"curies":[{"name":"wp","href":"https:\/\/api.w.org\/{rel}","templated":true}]}}